{"id":2,"date":"2020-03-27T15:32:00","date_gmt":"2020-03-27T15:32:00","guid":{"rendered":"https:\/\/themes.muffingroup.com\/be\/mining2\/?page_id=2"},"modified":"2025-05-07T17:36:40","modified_gmt":"2025-05-07T17:36:40","slug":"estanques-proexsa","status":"publish","type":"page","link":"https:\/\/estanquesproexsa.cl\/","title":{"rendered":"Home"},"content":{"rendered":"","protected":false},"excerpt":{"rendered":"","protected":false},"author":1,"featured_media":0,"parent":0,"menu_order":0,"comment_status":"closed","ping_status":"open","template":"","meta":{"footnotes":""},"class_list":["post-2","page","type-page","status-publish","hentry"],"yoast_head":"<!-- This site is optimized with the Yoast SEO Premium plugin v14.7 - https:\/\/yoast.com\/wordpress\/plugins\/seo\/ -->\n<title>Home - Estanques Proexsa<\/title>\n<meta name=\"description\" content=\"Maestranza metalmec\u00e1nica de calderer\u00eda pesada dedicada a la fabricaci\u00f3n de estaques a presi\u00f3n.\" \/>\n<meta name=\"robots\" content=\"noindex, follow\" \/>\n<meta property=\"og:locale\" content=\"en_US\" \/>\n<meta property=\"og:type\" content=\"article\" \/>\n<meta property=\"og:title\" content=\"Home - Estanques Proexsa\" \/>\n<meta property=\"og:description\" content=\"Maestranza metalmec\u00e1nica de calderer\u00eda pesada dedicada a la fabricaci\u00f3n de estaques a presi\u00f3n.\" \/>\n<meta property=\"og:url\" content=\"https:\/\/estanquesproexsa.cl\/\" \/>\n<meta property=\"og:site_name\" content=\"Estanques Proexsa\" \/>\n<meta property=\"article:modified_time\" content=\"2025-05-07T17:36:40+00:00\" \/>\n<meta name=\"twitter:card\" content=\"summary_large_image\" \/>\n<script type=\"application\/ld+json\" class=\"yoast-schema-graph\">{\"@context\":\"https:\/\/schema.org\",\"@graph\":[{\"@type\":\"Organization\",\"@id\":\"https:\/\/estanquesproexsa.cl\/#organization\",\"name\":\"Estanques Proexsa\",\"url\":\"https:\/\/estanquesproexsa.cl\/\",\"sameAs\":[],\"logo\":{\"@type\":\"ImageObject\",\"@id\":\"https:\/\/estanquesproexsa.cl\/#logo\",\"inLanguage\":\"en-US\",\"url\":\"https:\/\/estanquesproexsa.cl\/wp-content\/uploads\/2021\/03\/logo-Estanques-Proexsa-curvas-1.png\",\"width\":689,\"height\":180,\"caption\":\"Estanques Proexsa\"},\"image\":{\"@id\":\"https:\/\/estanquesproexsa.cl\/#logo\"}},{\"@type\":\"WebSite\",\"@id\":\"https:\/\/estanquesproexsa.cl\/#website\",\"url\":\"https:\/\/estanquesproexsa.cl\/\",\"name\":\"Estanques Proexsa\",\"description\":\"Maestranza metalmec\\u00e1nica de calderer\\u00eda pesada\",\"publisher\":{\"@id\":\"https:\/\/estanquesproexsa.cl\/#organization\"},\"potentialAction\":[{\"@type\":\"SearchAction\",\"target\":\"https:\/\/estanquesproexsa.cl\/?s={search_term_string}\",\"query-input\":\"required name=search_term_string\"}],\"inLanguage\":\"en-US\"},{\"@type\":\"WebPage\",\"@id\":\"https:\/\/estanquesproexsa.cl\/#webpage\",\"url\":\"https:\/\/estanquesproexsa.cl\/\",\"name\":\"Home - Estanques Proexsa\",\"isPartOf\":{\"@id\":\"https:\/\/estanquesproexsa.cl\/#website\"},\"datePublished\":\"2020-03-27T15:32:00+00:00\",\"dateModified\":\"2025-05-07T17:36:40+00:00\",\"description\":\"Maestranza metalmec\\u00e1nica de calderer\\u00eda pesada dedicada a la fabricaci\\u00f3n de estaques a presi\\u00f3n.\",\"breadcrumb\":{\"@id\":\"https:\/\/estanquesproexsa.cl\/#breadcrumb\"},\"inLanguage\":\"en-US\",\"potentialAction\":[{\"@type\":\"ReadAction\",\"target\":[\"https:\/\/estanquesproexsa.cl\/\"]}]},{\"@type\":\"BreadcrumbList\",\"@id\":\"https:\/\/estanquesproexsa.cl\/#breadcrumb\",\"itemListElement\":[{\"@type\":\"ListItem\",\"position\":1,\"item\":{\"@type\":\"WebPage\",\"@id\":\"https:\/\/estanquesproexsa.cl\/\",\"url\":\"https:\/\/estanquesproexsa.cl\/\",\"name\":\"Home\"}},{\"@type\":\"ListItem\",\"position\":2,\"item\":{\"@type\":\"WebPage\",\"@id\":\"https:\/\/estanquesproexsa.cl\/\",\"url\":\"https:\/\/estanquesproexsa.cl\/\",\"name\":\"Home\"}}]}]}<\/script>\n<!-- \/ Yoast SEO Premium plugin. -->","_links":{"self":[{"href":"https:\/\/estanquesproexsa.cl\/index.php?rest_route=\/wp\/v2\/pages\/2","targetHints":{"allow":["GET"]}}],"collection":[{"href":"https:\/\/estanquesproexsa.cl\/index.php?rest_route=\/wp\/v2\/pages"}],"about":[{"href":"https:\/\/estanquesproexsa.cl\/index.php?rest_route=\/wp\/v2\/types\/page"}],"author":[{"embeddable":true,"href":"https:\/\/estanquesproexsa.cl\/index.php?rest_route=\/wp\/v2\/users\/1"}],"replies":[{"embeddable":true,"href":"https:\/\/estanquesproexsa.cl\/index.php?rest_route=%2Fwp%2Fv2%2Fcomments&post=2"}],"version-history":[{"count":1,"href":"https:\/\/estanquesproexsa.cl\/index.php?rest_route=\/wp\/v2\/pages\/2\/revisions"}],"predecessor-version":[{"id":70,"href":"https:\/\/estanquesproexsa.cl\/index.php?rest_route=\/wp\/v2\/pages\/2\/revisions\/70"}],"wp:attachment":[{"href":"https:\/\/estanquesproexsa.cl\/index.php?rest_route=%2Fwp%2Fv2%2Fmedia&parent=2"}],"curies":[{"name":"wp","href":"https:\/\/api.w.org\/{rel}","templated":true}]}}